{"id":15,"date":"2025-04-16T18:46:33","date_gmt":"2025-04-16T18:46:33","guid":{"rendered":"https:\/\/hudsalongenhalmstadse.hemsida.eu\/index.php\/contact-us\/"},"modified":"2026-03-19T14:37:31","modified_gmt":"2026-03-19T13:37:31","slug":"kontakt","status":"publish","type":"page","link":"https:\/\/hudsalongenhalmstad.se\/index.php\/kontakt\/","title":{"rendered":"Kontakta Oss"},"content":{"rendered":"\t\t<div data-elementor-type=\"wp-page\" data-elementor-id=\"15\" class=\"elementor elementor-15\">\n\t\t\t\t<div class=\"elementor-element elementor-element-687a89c3 e-con-full e-flex e-con e-parent\" data-id=\"687a89c3\" data-element_type=\"container\">\n\t\t<div class=\"elementor-element elementor-element-5d406b18 e-con-full e-flex e-con e-child\" data-id=\"5d406b18\" data-element_type=\"container\">\n\t\t<div class=\"elementor-element elementor-element-acb4f3c e-con-full e-flex e-con e-child\" data-id=\"acb4f3c\" data-element_type=\"container\">\n\t\t\t\t<div class=\"elementor-element elementor-element-2efefc50 elementor-widget elementor-widget-heading\" data-id=\"2efefc50\" data-element_type=\"widget\" data-widget_type=\"heading.default\">\n\t\t\t\t<div class=\"elementor-widget-container\">\n\t\t\t\t\t<h1 class=\"elementor-heading-title elementor-size-default\">Kontakta Oss<\/h1>\t\t\t\t<\/div>\n\t\t\t\t<\/div>\n\t\t<div class=\"elementor-element elementor-element-a7bf115 e-grid e-con-full e-con e-child\" data-id=\"a7bf115\" data-element_type=\"container\">\n\t\t\t\t<div class=\"elementor-element elementor-element-1ef1e88 elementor-invisible elementor-widget elementor-widget-button\" data-id=\"1ef1e88\" data-element_type=\"widget\" data-settings=\"{&quot;_animation&quot;:&quot;fadeInDown&quot;}\" data-widget_type=\"button.default\">\n\t\t\t\t<div class=\"elementor-widget-container\">\n\t\t\t\t\t\t\t\t\t<div class=\"elementor-button-wrapper\">\n\t\t\t\t\t<a class=\"elementor-button elementor-button-link elementor-size-sm elementor-animation-sink\" href=\"mailto:info@hudsalongenhalmstad.se\">\n\t\t\t\t\t\t<span class=\"elementor-button-content-wrapper\">\n\t\t\t\t\t\t<span class=\"elementor-button-icon\">\n\t\t\t\t<svg aria-hidden=\"true\" class=\"e-font-icon-svg e-far-comment-dots\" viewBox=\"0 0 512 512\" xmlns=\"http:\/\/www.w3.org\/2000\/svg\"><path d=\"M144 208c-17.7 0-32 14.3-32 32s14.3 32 32 32 32-14.3 32-32-14.3-32-32-32zm112 0c-17.7 0-32 14.3-32 32s14.3 32 32 32 32-14.3 32-32-14.3-32-32-32zm112 0c-17.7 0-32 14.3-32 32s14.3 32 32 32 32-14.3 32-32-14.3-32-32-32zM256 32C114.6 32 0 125.1 0 240c0 47.6 19.9 91.2 52.9 126.3C38 405.7 7 439.1 6.5 439.5c-6.6 7-8.4 17.2-4.6 26S14.4 480 24 480c61.5 0 110-25.7 139.1-46.3C192 442.8 223.2 448 256 448c141.4 0 256-93.1 256-208S397.4 32 256 32zm0 368c-26.7 0-53.1-4.1-78.4-12.1l-22.7-7.2-19.5 13.8c-14.3 10.1-33.9 21.4-57.5 29 7.3-12.1 14.4-25.7 19.9-40.2l10.6-28.1-20.6-21.8C69.7 314.1 48 282.2 48 240c0-88.2 93.3-160 208-160s208 71.8 208 160-93.3 160-208 160z\"><\/path><\/svg>\t\t\t<\/span>\n\t\t\t\t\t\t\t\t\t<span class=\"elementor-button-text\">E-post<\/span>\n\t\t\t\t\t<\/span>\n\t\t\t\t\t<\/a>\n\t\t\t\t<\/div>\n\t\t\t\t\t\t\t\t<\/div>\n\t\t\t\t<\/div>\n\t\t\t\t<div class=\"elementor-element elementor-element-f2d8c32 elementor-invisible elementor-widget elementor-widget-button\" data-id=\"f2d8c32\" data-element_type=\"widget\" data-settings=\"{&quot;_animation&quot;:&quot;fadeInDown&quot;}\" data-widget_type=\"button.default\">\n\t\t\t\t<div class=\"elementor-widget-container\">\n\t\t\t\t\t\t\t\t\t<div class=\"elementor-button-wrapper\">\n\t\t\t\t\t<a class=\"elementor-button elementor-button-link elementor-size-sm elementor-animation-sink\" href=\"tel:0352411770\">\n\t\t\t\t\t\t<span class=\"elementor-button-content-wrapper\">\n\t\t\t\t\t\t<span class=\"elementor-button-icon\">\n\t\t\t\t<svg aria-hidden=\"true\" class=\"e-font-icon-svg e-fas-phone-alt\" viewBox=\"0 0 512 512\" xmlns=\"http:\/\/www.w3.org\/2000\/svg\"><path d=\"M497.39 361.8l-112-48a24 24 0 0 0-28 6.9l-49.6 60.6A370.66 370.66 0 0 1 130.6 204.11l60.6-49.6a23.94 23.94 0 0 0 6.9-28l-48-112A24.16 24.16 0 0 0 122.6.61l-104 24A24 24 0 0 0 0 48c0 256.5 207.9 464 464 464a24 24 0 0 0 23.4-18.6l24-104a24.29 24.29 0 0 0-14.01-27.6z\"><\/path><\/svg>\t\t\t<\/span>\n\t\t\t\t\t\t\t\t\t<span class=\"elementor-button-text\">Ring<\/span>\n\t\t\t\t\t<\/span>\n\t\t\t\t\t<\/a>\n\t\t\t\t<\/div>\n\t\t\t\t\t\t\t\t<\/div>\n\t\t\t\t<\/div>\n\t\t\t\t<\/div>\n\t\t\t\t<div class=\"elementor-element elementor-element-77bb5548 elementor-widget__width-initial elementor-invisible elementor-widget elementor-widget-text-editor\" data-id=\"77bb5548\" data-element_type=\"widget\" data-settings=\"{&quot;_animation&quot;:&quot;fadeInDown&quot;}\" data-widget_type=\"text-editor.default\">\n\t\t\t\t<div class=\"elementor-widget-container\">\n\t\t\t\t\t\t\t\t\t<p>Vid bokning s\u00e5 kan det ske \u00f6ver telefon e-post eller via BokaDirekt.\u00a0<\/p><p>Du \u00e4r \u00e4ven varm v\u00e4lkommen in till butiken f\u00f6r att g\u00f6ra din bokning samt f\u00f6r att f\u00e5 personlig r\u00e5dgivning.<\/p><h3><strong>\u00d6ppettider butiken<\/strong><\/h3><p>M\u00e5ndag, tisdag, torsdag, fredag 10-18<br \/>Onsdag 10-16\u00a0<br \/>L\u00f6rdag\u00a0 10-14<\/p><p>Behandlingstider m\u00e5ndag-l\u00f6rdag fr\u00e5n 9.00<\/p><p>Fredsgatan 13<br \/>302 46 Halmstad<br \/>Tel 035-24 11 770<\/p><p>Mail: info@hudsalongenhalmstad.se<br \/>Web: hudsalongenhalmstad.se<br \/>Insta: hudsalongen_halmstad<\/p>\t\t\t\t\t\t\t\t<\/div>\n\t\t\t\t<\/div>\n\t\t\t\t<\/div>\n\t\t\t\t<\/div>\n\t\t<div class=\"elementor-element elementor-element-2aca51fb e-con-full e-flex e-con e-child\" data-id=\"2aca51fb\" data-element_type=\"container\" data-settings=\"{&quot;background_background&quot;:&quot;classic&quot;}\">\n\t\t\t\t<\/div>\n\t\t\t\t<\/div>\n\t\t<div class=\"elementor-element elementor-element-f6f0213 e-flex e-con-boxed e-con e-parent\" data-id=\"f6f0213\" data-element_type=\"container\">\n\t\t\t\t\t<div class=\"e-con-inner\">\n\t\t\t\t<div class=\"elementor-element elementor-element-445a203 elementor-shape-rounded elementor-grid-0 e-grid-align-center elementor-widget elementor-widget-social-icons\" data-id=\"445a203\" data-element_type=\"widget\" data-widget_type=\"social-icons.default\">\n\t\t\t\t<div class=\"elementor-widget-container\">\n\t\t\t\t\t\t\t<div class=\"elementor-social-icons-wrapper elementor-grid\">\n\t\t\t\t\t\t\t<span class=\"elementor-grid-item\">\n\t\t\t\t\t<a class=\"elementor-icon elementor-social-icon elementor-social-icon-facebook elementor-repeater-item-a48d825\" target=\"_blank\">\n\t\t\t\t\t\t<span class=\"elementor-screen-only\">Facebook<\/span>\n\t\t\t\t\t\t<svg class=\"e-font-icon-svg e-fab-facebook\" viewBox=\"0 0 512 512\" xmlns=\"http:\/\/www.w3.org\/2000\/svg\"><path d=\"M504 256C504 119 393 8 256 8S8 119 8 256c0 123.78 90.69 226.38 209.25 245V327.69h-63V256h63v-54.64c0-62.15 37-96.48 93.67-96.48 27.14 0 55.52 4.84 55.52 4.84v61h-31.28c-30.8 0-40.41 19.12-40.41 38.73V256h68.78l-11 71.69h-57.78V501C413.31 482.38 504 379.78 504 256z\"><\/path><\/svg>\t\t\t\t\t<\/a>\n\t\t\t\t<\/span>\n\t\t\t\t\t<\/div>\n\t\t\t\t\t\t<\/div>\n\t\t\t\t<\/div>\n\t\t\t\t\t<\/div>\n\t\t\t\t<\/div>\n\t\t\t\t<\/div>\n\t\t","protected":false},"excerpt":{"rendered":"<p>Kontakta Oss E-post Ring Vid bokning s\u00e5 kan det ske \u00f6ver telefon e-post eller via BokaDirekt.\u00a0 Du \u00e4r \u00e4ven varm v\u00e4lkommen in till butiken f\u00f6r att g\u00f6ra din bokning samt f\u00f6r att f\u00e5 personlig r\u00e5dgivning. \u00d6ppettider butiken M\u00e5ndag, tisdag, torsdag, fredag 10-18Onsdag 10-16\u00a0L\u00f6rdag\u00a0 10-14 Behandlingstider m\u00e5ndag-l\u00f6rdag fr\u00e5n 9.00 Fredsgatan 13302 46 HalmstadTel 035-24 11 770 [&hellip;]<\/p>\n","protected":false},"author":1,"featured_media":0,"parent":0,"menu_order":0,"comment_status":"closed","ping_status":"closed","template":"elementor_header_footer","meta":{"_acf_changed":false,"footnotes":""},"class_list":["post-15","page","type-page","status-publish","hentry"],"acf":[],"yoast_head":"<!-- This site is optimized with the Yoast SEO plugin v24.9 - https:\/\/yoast.com\/wordpress\/plugins\/seo\/ -->\n<title>Kontakta Oss - Hudsalongen Halmstad<\/title>\n<meta name=\"description\" content=\"Kontakta Hudsalongen Halmstad f\u00f6r att boka tid eller f\u00e5 svar p\u00e5 dina fr\u00e5gor om hudv\u00e5rd. Du hittar oss centralt i Halmstad \u2013 ring, mejla eller via BokaDirekt!\" \/>\n<meta name=\"robots\" content=\"index, follow, max-snippet:-1, max-image-preview:large, max-video-preview:-1\" \/>\n<link rel=\"canonical\" href=\"https:\/\/hudsalongenhalmstad.se\/index.php\/kontakt\/\" \/>\n<meta property=\"og:locale\" content=\"sv_SE\" \/>\n<meta property=\"og:type\" content=\"article\" \/>\n<meta property=\"og:title\" content=\"Kontakta Oss - Hudsalongen Halmstad\" \/>\n<meta property=\"og:description\" content=\"Kontakta Hudsalongen Halmstad f\u00f6r att boka tid eller f\u00e5 svar p\u00e5 dina fr\u00e5gor om hudv\u00e5rd. Du hittar oss centralt i Halmstad \u2013 ring, mejla eller via BokaDirekt!\" \/>\n<meta property=\"og:url\" content=\"https:\/\/hudsalongenhalmstad.se\/index.php\/kontakt\/\" \/>\n<meta property=\"og:site_name\" content=\"Hudsalongen Halmstad\" \/>\n<meta property=\"article:modified_time\" content=\"2026-03-19T13:37:31+00:00\" \/>\n<meta name=\"twitter:card\" content=\"summary_large_image\" \/>\n<meta name=\"twitter:label1\" content=\"Ber\u00e4knad l\u00e4stid\" \/>\n\t<meta name=\"twitter:data1\" content=\"1 minut\" \/>\n<script type=\"application\/ld+json\" class=\"yoast-schema-graph\">{\"@context\":\"https:\/\/schema.org\",\"@graph\":[{\"@type\":\"WebPage\",\"@id\":\"https:\/\/hudsalongenhalmstad.se\/index.php\/kontakt\/\",\"url\":\"https:\/\/hudsalongenhalmstad.se\/index.php\/kontakt\/\",\"name\":\"Kontakta Oss - Hudsalongen Halmstad\",\"isPartOf\":{\"@id\":\"https:\/\/hudsalongenhalmstad.se\/#website\"},\"datePublished\":\"2025-04-16T18:46:33+00:00\",\"dateModified\":\"2026-03-19T13:37:31+00:00\",\"description\":\"Kontakta Hudsalongen Halmstad f\u00f6r att boka tid eller f\u00e5 svar p\u00e5 dina fr\u00e5gor om hudv\u00e5rd. Du hittar oss centralt i Halmstad \u2013 ring, mejla eller via BokaDirekt!\",\"breadcrumb\":{\"@id\":\"https:\/\/hudsalongenhalmstad.se\/index.php\/kontakt\/#breadcrumb\"},\"inLanguage\":\"sv-SE\",\"potentialAction\":[{\"@type\":\"ReadAction\",\"target\":[\"https:\/\/hudsalongenhalmstad.se\/index.php\/kontakt\/\"]}]},{\"@type\":\"BreadcrumbList\",\"@id\":\"https:\/\/hudsalongenhalmstad.se\/index.php\/kontakt\/#breadcrumb\",\"itemListElement\":[{\"@type\":\"ListItem\",\"position\":1,\"name\":\"Hem\",\"item\":\"https:\/\/hudsalongenhalmstad.se\/\"},{\"@type\":\"ListItem\",\"position\":2,\"name\":\"Kontakta Oss\"}]},{\"@type\":\"WebSite\",\"@id\":\"https:\/\/hudsalongenhalmstad.se\/#website\",\"url\":\"https:\/\/hudsalongenhalmstad.se\/\",\"name\":\"Hudsalongen Halmstad\",\"description\":\"\",\"publisher\":{\"@id\":\"https:\/\/hudsalongenhalmstad.se\/#organization\"},\"potentialAction\":[{\"@type\":\"SearchAction\",\"target\":{\"@type\":\"EntryPoint\",\"urlTemplate\":\"https:\/\/hudsalongenhalmstad.se\/?s={search_term_string}\"},\"query-input\":{\"@type\":\"PropertyValueSpecification\",\"valueRequired\":true,\"valueName\":\"search_term_string\"}}],\"inLanguage\":\"sv-SE\"},{\"@type\":\"Organization\",\"@id\":\"https:\/\/hudsalongenhalmstad.se\/#organization\",\"name\":\"Hudsalongen Halmstad\",\"url\":\"https:\/\/hudsalongenhalmstad.se\/\",\"logo\":{\"@type\":\"ImageObject\",\"inLanguage\":\"sv-SE\",\"@id\":\"https:\/\/hudsalongenhalmstad.se\/#\/schema\/logo\/image\/\",\"url\":\"https:\/\/hudsalongenhalmstad.se\/wp-content\/uploads\/2025\/04\/hudsalongenhalmstad-logo.png\",\"contentUrl\":\"https:\/\/hudsalongenhalmstad.se\/wp-content\/uploads\/2025\/04\/hudsalongenhalmstad-logo.png\",\"width\":393,\"height\":72,\"caption\":\"Hudsalongen Halmstad\"},\"image\":{\"@id\":\"https:\/\/hudsalongenhalmstad.se\/#\/schema\/logo\/image\/\"}}]}<\/script>\n<!-- \/ Yoast SEO plugin. -->","yoast_head_json":{"title":"Kontakta Oss - Hudsalongen Halmstad","description":"Kontakta Hudsalongen Halmstad f\u00f6r att boka tid eller f\u00e5 svar p\u00e5 dina fr\u00e5gor om hudv\u00e5rd. Du hittar oss centralt i Halmstad \u2013 ring, mejla eller via BokaDirekt!","robots":{"index":"index","follow":"follow","max-snippet":"max-snippet:-1","max-image-preview":"max-image-preview:large","max-video-preview":"max-video-preview:-1"},"canonical":"https:\/\/hudsalongenhalmstad.se\/index.php\/kontakt\/","og_locale":"sv_SE","og_type":"article","og_title":"Kontakta Oss - Hudsalongen Halmstad","og_description":"Kontakta Hudsalongen Halmstad f\u00f6r att boka tid eller f\u00e5 svar p\u00e5 dina fr\u00e5gor om hudv\u00e5rd. Du hittar oss centralt i Halmstad \u2013 ring, mejla eller via BokaDirekt!","og_url":"https:\/\/hudsalongenhalmstad.se\/index.php\/kontakt\/","og_site_name":"Hudsalongen Halmstad","article_modified_time":"2026-03-19T13:37:31+00:00","twitter_card":"summary_large_image","twitter_misc":{"Ber\u00e4knad l\u00e4stid":"1 minut"},"schema":{"@context":"https:\/\/schema.org","@graph":[{"@type":"WebPage","@id":"https:\/\/hudsalongenhalmstad.se\/index.php\/kontakt\/","url":"https:\/\/hudsalongenhalmstad.se\/index.php\/kontakt\/","name":"Kontakta Oss - Hudsalongen Halmstad","isPartOf":{"@id":"https:\/\/hudsalongenhalmstad.se\/#website"},"datePublished":"2025-04-16T18:46:33+00:00","dateModified":"2026-03-19T13:37:31+00:00","description":"Kontakta Hudsalongen Halmstad f\u00f6r att boka tid eller f\u00e5 svar p\u00e5 dina fr\u00e5gor om hudv\u00e5rd. Du hittar oss centralt i Halmstad \u2013 ring, mejla eller via BokaDirekt!","breadcrumb":{"@id":"https:\/\/hudsalongenhalmstad.se\/index.php\/kontakt\/#breadcrumb"},"inLanguage":"sv-SE","potentialAction":[{"@type":"ReadAction","target":["https:\/\/hudsalongenhalmstad.se\/index.php\/kontakt\/"]}]},{"@type":"BreadcrumbList","@id":"https:\/\/hudsalongenhalmstad.se\/index.php\/kontakt\/#breadcrumb","itemListElement":[{"@type":"ListItem","position":1,"name":"Hem","item":"https:\/\/hudsalongenhalmstad.se\/"},{"@type":"ListItem","position":2,"name":"Kontakta Oss"}]},{"@type":"WebSite","@id":"https:\/\/hudsalongenhalmstad.se\/#website","url":"https:\/\/hudsalongenhalmstad.se\/","name":"Hudsalongen Halmstad","description":"","publisher":{"@id":"https:\/\/hudsalongenhalmstad.se\/#organization"},"potentialAction":[{"@type":"SearchAction","target":{"@type":"EntryPoint","urlTemplate":"https:\/\/hudsalongenhalmstad.se\/?s={search_term_string}"},"query-input":{"@type":"PropertyValueSpecification","valueRequired":true,"valueName":"search_term_string"}}],"inLanguage":"sv-SE"},{"@type":"Organization","@id":"https:\/\/hudsalongenhalmstad.se\/#organization","name":"Hudsalongen Halmstad","url":"https:\/\/hudsalongenhalmstad.se\/","logo":{"@type":"ImageObject","inLanguage":"sv-SE","@id":"https:\/\/hudsalongenhalmstad.se\/#\/schema\/logo\/image\/","url":"https:\/\/hudsalongenhalmstad.se\/wp-content\/uploads\/2025\/04\/hudsalongenhalmstad-logo.png","contentUrl":"https:\/\/hudsalongenhalmstad.se\/wp-content\/uploads\/2025\/04\/hudsalongenhalmstad-logo.png","width":393,"height":72,"caption":"Hudsalongen Halmstad"},"image":{"@id":"https:\/\/hudsalongenhalmstad.se\/#\/schema\/logo\/image\/"}}]}},"jetpack_sharing_enabled":true,"_links":{"self":[{"href":"https:\/\/hudsalongenhalmstad.se\/index.php\/wp-json\/wp\/v2\/pages\/15","targetHints":{"allow":["GET"]}}],"collection":[{"href":"https:\/\/hudsalongenhalmstad.se\/index.php\/wp-json\/wp\/v2\/pages"}],"about":[{"href":"https:\/\/hudsalongenhalmstad.se\/index.php\/wp-json\/wp\/v2\/types\/page"}],"author":[{"embeddable":true,"href":"https:\/\/hudsalongenhalmstad.se\/index.php\/wp-json\/wp\/v2\/users\/1"}],"replies":[{"embeddable":true,"href":"https:\/\/hudsalongenhalmstad.se\/index.php\/wp-json\/wp\/v2\/comments?post=15"}],"version-history":[{"count":32,"href":"https:\/\/hudsalongenhalmstad.se\/index.php\/wp-json\/wp\/v2\/pages\/15\/revisions"}],"predecessor-version":[{"id":716,"href":"https:\/\/hudsalongenhalmstad.se\/index.php\/wp-json\/wp\/v2\/pages\/15\/revisions\/716"}],"wp:attachment":[{"href":"https:\/\/hudsalongenhalmstad.se\/index.php\/wp-json\/wp\/v2\/media?parent=15"}],"curies":[{"name":"wp","href":"https:\/\/api.w.org\/{rel}","templated":true}]}}