{"id":20,"date":"2025-04-16T18:46:34","date_gmt":"2025-04-16T18:46:34","guid":{"rendered":"https:\/\/hudsalongenhalmstadse.hemsida.eu\/index.php\/workshop\/"},"modified":"2026-01-25T19:24:56","modified_gmt":"2026-01-25T18:24:56","slug":"om-oss","status":"publish","type":"page","link":"https:\/\/hudsalongenhalmstad.se\/index.php\/om-oss\/","title":{"rendered":"Om Oss"},"content":{"rendered":"\t\t<div data-elementor-type=\"wp-page\" data-elementor-id=\"20\" class=\"elementor elementor-20\">\n\t\t\t\t<div class=\"elementor-element elementor-element-60ff2965 e-con-full e-flex e-con e-parent\" data-id=\"60ff2965\" data-element_type=\"container\">\n\t\t<div class=\"elementor-element elementor-element-69cf6adc e-con-full e-flex e-con e-child\" data-id=\"69cf6adc\" data-element_type=\"container\">\n\t\t<div class=\"elementor-element elementor-element-6127b95f e-con-full e-flex e-con e-child\" data-id=\"6127b95f\" data-element_type=\"container\">\n\t\t\t\t<div class=\"elementor-element elementor-element-5a3e7930 elementor-widget elementor-widget-heading\" data-id=\"5a3e7930\" data-element_type=\"widget\" data-widget_type=\"heading.default\">\n\t\t\t\t<div class=\"elementor-widget-container\">\n\t\t\t\t\t<h1 class=\"elementor-heading-title elementor-size-default\">Om Oss<\/h1>\t\t\t\t<\/div>\n\t\t\t\t<\/div>\n\t\t\t\t<div class=\"elementor-element elementor-element-4f829ec9 elementor-widget__width-initial elementor-widget elementor-widget-text-editor\" data-id=\"4f829ec9\" data-element_type=\"widget\" data-widget_type=\"text-editor.default\">\n\t\t\t\t<div class=\"elementor-widget-container\">\n\t\t\t\t\t\t\t\t\t<p>Vi erbjuder gedigen kunskap i hudv\u00e5rd och anv\u00e4nder oss av det vetenskapligt utvecklade hudv\u00e5rdsm\u00e4rket Neostrata. Ett hudv\u00e5rdsm\u00e4rke som ger synliga resultat p\u00e5 bl.a acne, rosacea, torrhet, atopiskt eksem och rynkor.<\/p><p>Vi erbjuder \u00e4ven hudv\u00e5rdsbehandlingar och lymfbehandlingar med Nannic NBE<br \/>3000.<\/p><p><em>Avboking 24 tim innan bokad tid. Ej avbokad tid debiteras med 100% av priset.<\/em><\/p>\t\t\t\t\t\t\t\t<\/div>\n\t\t\t\t<\/div>\n\t\t\t\t<\/div>\n\t\t\t\t<\/div>\n\t\t<div class=\"elementor-element elementor-element-329e5c04 e-con-full e-flex e-con e-child\" data-id=\"329e5c04\" data-element_type=\"container\" data-settings=\"{&quot;background_background&quot;:&quot;classic&quot;}\">\n\t\t\t\t<\/div>\n\t\t\t\t<\/div>\n\t\t<div class=\"elementor-element elementor-element-3e861f77 e-flex e-con-boxed e-con e-parent\" data-id=\"3e861f77\" data-element_type=\"container\">\n\t\t\t\t\t<div class=\"e-con-inner\">\n\t\t<div class=\"elementor-element elementor-element-243e9ccb e-con-full e-flex e-con e-child\" data-id=\"243e9ccb\" data-element_type=\"container\">\n\t\t\t\t<div class=\"elementor-element elementor-element-272ff3a1 elementor-widget elementor-widget-heading\" data-id=\"272ff3a1\" data-element_type=\"widget\" data-widget_type=\"heading.default\">\n\t\t\t\t<div class=\"elementor-widget-container\">\n\t\t\t\t\t<h2 class=\"elementor-heading-title elementor-size-default\">Zayan &amp; Sara<\/h2>\t\t\t\t<\/div>\n\t\t\t\t<\/div>\n\t\t\t\t<div class=\"elementor-element elementor-element-3fbbee53 elementor-widget elementor-widget-text-editor\" data-id=\"3fbbee53\" data-element_type=\"widget\" data-widget_type=\"text-editor.default\">\n\t\t\t\t<div class=\"elementor-widget-container\">\n\t\t\t\t\t\t\t\t\t<p><span style=\"font-family: var( --e-global-typography-text-font-family ), Sans-serif; font-size: var( --e-global-typography-text-font-size ); font-style: var( --e-global-typography-text-font-style ); letter-spacing: var( --e-global-typography-text-letter-spacing ); text-transform: var( --e-global-typography-text-text-transform ); word-spacing: var( --e-global-typography-text-word-spacing ); text-decoration: var( --e-global-typography-text-text-decoration ); text-align: var(--text-align);\">Vi \u00e4r stolta och glada \u00f6ver att f\u00e5 presentera oss som de nya \u00e4garna av Hudsalongen Halmstad.<\/span><\/p><p>Med \u00f6ver ett decennium av erfarenhet inom hudv\u00e5rd och sk\u00f6nhetsbehandlingar, samt \u00e5tta \u00e5r som kollegor, har vi nu tagit steget att f\u00f6rverkliga v\u00e5r dr\u00f6m om att skapa en salong d\u00e4r kvalitet, resultat och kundens v\u00e4lbefinnande alltid st\u00e5r i fokus.<\/p><p>Hos oss m\u00f6ts du av en lugn och harmonisk milj\u00f6 d\u00e4r vi erbjuder professionella behandlingar anpassade efter just dina behov.<\/p><p>Vi ser fram emot att f\u00e5 v\u00e4lkomna dig till Hudsalongen Halmstad och att ta hand om dig p\u00e5 b\u00e4sta s\u00e4tt.<\/p><p>Hj\u00e4rtligt v\u00e4lkomna <img decoding=\"async\" class=\"emoji\" role=\"img\" draggable=\"false\" src=\"https:\/\/s.w.org\/images\/core\/emoji\/16.0.1\/svg\/2764.svg\" alt=\"\u2764\ufe0f\" \/><\/p><p><i>Zayan &amp; Sara<\/i><\/p>\t\t\t\t\t\t\t\t<\/div>\n\t\t\t\t<\/div>\n\t\t\t\t<\/div>\n\t\t<div class=\"elementor-element elementor-element-48feb45c e-con-full e-flex e-con e-child\" data-id=\"48feb45c\" data-element_type=\"container\" data-settings=\"{&quot;background_background&quot;:&quot;slideshow&quot;,&quot;background_slideshow_gallery&quot;:[{&quot;id&quot;:270,&quot;url&quot;:&quot;https:\\\/\\\/hudsalongenhalmstadse.hemsida.eu\\\/wp-content\\\/uploads\\\/2025\\\/05\\\/62478774-7FF6-4E38-9BED-F37BD8584A14_1_105_c-e1746458752601.jpeg&quot;}],&quot;background_slideshow_loop&quot;:&quot;yes&quot;,&quot;background_slideshow_slide_duration&quot;:5000,&quot;background_slideshow_slide_transition&quot;:&quot;fade&quot;,&quot;background_slideshow_transition_duration&quot;:500}\">\n\t\t\t\t<\/div>\n\t\t\t\t\t<\/div>\n\t\t\t\t<\/div>\n\t\t<div class=\"elementor-element elementor-element-3da5f214 e-con-full e-flex e-con e-parent\" data-id=\"3da5f214\" data-element_type=\"container\">\n\t\t\t\t<div class=\"elementor-element elementor-element-bc3c968 elementor-widget elementor-widget-heading\" data-id=\"bc3c968\" data-element_type=\"widget\" data-widget_type=\"heading.default\">\n\t\t\t\t<div class=\"elementor-widget-container\">\n\t\t\t\t\t<span class=\"elementor-heading-title elementor-size-default\">Salongen<\/span>\t\t\t\t<\/div>\n\t\t\t\t<\/div>\n\t\t\t\t<div class=\"elementor-element elementor-element-631eebee elementor-widget elementor-widget-image-carousel\" data-id=\"631eebee\" data-element_type=\"widget\" data-settings=\"{&quot;slides_to_show&quot;:&quot;2&quot;,&quot;slides_to_scroll&quot;:&quot;1&quot;,&quot;navigation&quot;:&quot;none&quot;,&quot;pause_on_hover&quot;:&quot;no&quot;,&quot;pause_on_interaction&quot;:&quot;no&quot;,&quot;slides_to_show_mobile&quot;:&quot;2&quot;,&quot;autoplay&quot;:&quot;yes&quot;,&quot;autoplay_speed&quot;:5000,&quot;infinite&quot;:&quot;yes&quot;,&quot;speed&quot;:500,&quot;image_spacing_custom&quot;:{&quot;unit&quot;:&quot;px&quot;,&quot;size&quot;:20,&quot;sizes&quot;:[]},&quot;image_spacing_custom_tablet&quot;:{&quot;unit&quot;:&quot;px&quot;,&quot;size&quot;:&quot;&quot;,&quot;sizes&quot;:[]},&quot;image_spacing_custom_mobile&quot;:{&quot;unit&quot;:&quot;px&quot;,&quot;size&quot;:&quot;&quot;,&quot;sizes&quot;:[]}}\" data-widget_type=\"image-carousel.default\">\n\t\t\t\t<div class=\"elementor-widget-container\">\n\t\t\t\t\t\t\t<div class=\"elementor-image-carousel-wrapper swiper\" role=\"region\" aria-roledescription=\"carousel\" aria-label=\"Bildkarusell\" dir=\"ltr\">\n\t\t\t<div class=\"elementor-image-carousel swiper-wrapper\" aria-live=\"off\">\n\t\t\t\t\t\t\t\t<div class=\"swiper-slide\" role=\"group\" aria-roledescription=\"slide\" aria-label=\"1 av 5\"><figure class=\"swiper-slide-inner\"><img decoding=\"async\" class=\"swiper-slide-image\" src=\"https:\/\/hudsalongenhalmstad.se\/wp-content\/uploads\/2025\/05\/DF6044A2-38B0-40FE-B5A4-F9D52C20A903_1_105_c.jpeg\" alt=\"DF6044A2-38B0-40FE-B5A4-F9D52C20A903_1_105_c\" \/><\/figure><\/div><div class=\"swiper-slide\" role=\"group\" aria-roledescription=\"slide\" aria-label=\"2 av 5\"><figure class=\"swiper-slide-inner\"><img decoding=\"async\" class=\"swiper-slide-image\" src=\"https:\/\/hudsalongenhalmstad.se\/wp-content\/uploads\/2025\/05\/59821580-6474-41B4-BCA2-1E636BBA7A4F_1_105_c.jpeg\" alt=\"59821580-6474-41B4-BCA2-1E636BBA7A4F_1_105_c\" \/><\/figure><\/div><div class=\"swiper-slide\" role=\"group\" aria-roledescription=\"slide\" aria-label=\"3 av 5\"><figure class=\"swiper-slide-inner\"><img decoding=\"async\" class=\"swiper-slide-image\" src=\"https:\/\/hudsalongenhalmstad.se\/wp-content\/uploads\/2025\/05\/2F9C2BDB-D89B-4BD5-B565-3C63480F5F97_1_105_c.jpeg\" alt=\"2F9C2BDB-D89B-4BD5-B565-3C63480F5F97_1_105_c\" \/><\/figure><\/div><div class=\"swiper-slide\" role=\"group\" aria-roledescription=\"slide\" aria-label=\"4 av 5\"><figure class=\"swiper-slide-inner\"><img decoding=\"async\" class=\"swiper-slide-image\" src=\"https:\/\/hudsalongenhalmstad.se\/wp-content\/uploads\/2025\/05\/918B7717-9377-4BA6-B2CF-90DEFF42B0DE_1_105_c.jpeg\" alt=\"918B7717-9377-4BA6-B2CF-90DEFF42B0DE_1_105_c\" \/><\/figure><\/div><div class=\"swiper-slide\" role=\"group\" aria-roledescription=\"slide\" aria-label=\"5 av 5\"><figure class=\"swiper-slide-inner\"><img decoding=\"async\" class=\"swiper-slide-image\" src=\"https:\/\/hudsalongenhalmstad.se\/wp-content\/uploads\/2025\/05\/609E4AED-276A-4977-9388-4A6F150D8EC8_1_105_c.jpeg\" alt=\"609E4AED-276A-4977-9388-4A6F150D8EC8_1_105_c\" \/><\/figure><\/div>\t\t\t<\/div>\n\t\t\t\t\t\t\t\n\t\t\t\t\t\t\t\t\t<\/div>\n\t\t\t\t\t\t<\/div>\n\t\t\t\t<\/div>\n\t\t\t\t<div class=\"elementor-element elementor-element-db23a4d elementor-widget elementor-widget-spacer\" data-id=\"db23a4d\" data-element_type=\"widget\" data-widget_type=\"spacer.default\">\n\t\t\t\t<div class=\"elementor-widget-container\">\n\t\t\t\t\t\t\t<div class=\"elementor-spacer\">\n\t\t\t<div class=\"elementor-spacer-inner\"><\/div>\n\t\t<\/div>\n\t\t\t\t\t\t<\/div>\n\t\t\t\t<\/div>\n\t\t\t\t<\/div>\n\t\t<div class=\"elementor-element elementor-element-a0e0ee1 e-flex e-con-boxed e-con e-parent\" data-id=\"a0e0ee1\" data-element_type=\"container\">\n\t\t\t\t\t<div class=\"e-con-inner\">\n\t\t\t\t\t<\/div>\n\t\t\t\t<\/div>\n\t\t\t\t<\/div>\n\t\t","protected":false},"excerpt":{"rendered":"<p>Om Oss Vi erbjuder gedigen kunskap i hudv\u00e5rd och anv\u00e4nder oss av det vetenskapligt utvecklade hudv\u00e5rdsm\u00e4rket Neostrata. Ett hudv\u00e5rdsm\u00e4rke som ger synliga resultat p\u00e5 bl.a acne, rosacea, torrhet, atopiskt eksem och rynkor. Vi erbjuder \u00e4ven hudv\u00e5rdsbehandlingar och lymfbehandlingar med Nannic NBE3000. Avboking 24 tim innan bokad tid. Ej avbokad tid debiteras med 100% av priset. [&hellip;]<\/p>\n","protected":false},"author":1,"featured_media":0,"parent":0,"menu_order":0,"comment_status":"closed","ping_status":"closed","template":"elementor_header_footer","meta":{"_acf_changed":false,"footnotes":""},"class_list":["post-20","page","type-page","status-publish","hentry"],"acf":[],"yoast_head":"<!-- This site is optimized with the Yoast SEO plugin v24.9 - https:\/\/yoast.com\/wordpress\/plugins\/seo\/ -->\n<title>Om Oss - Hudsalongen Halmstad<\/title>\n<meta name=\"description\" content=\"L\u00e4s mer om Hudsalongen Halmstad \u2013 din professionella hudv\u00e5rdssalong i centrala Halmstad. Vi brinner f\u00f6r personlig service, kvalitet och resultat inom hudv\u00e5rd. V\u00e4lkommen till din lokala hudterapeut!\" \/>\n<meta name=\"robots\" content=\"index, follow, max-snippet:-1, max-image-preview:large, max-video-preview:-1\" \/>\n<link rel=\"canonical\" href=\"https:\/\/hudsalongenhalmstad.se\/index.php\/om-oss\/\" \/>\n<meta property=\"og:locale\" content=\"sv_SE\" \/>\n<meta property=\"og:type\" content=\"article\" \/>\n<meta property=\"og:title\" content=\"Om Oss - Hudsalongen Halmstad\" \/>\n<meta property=\"og:description\" content=\"L\u00e4s mer om Hudsalongen Halmstad \u2013 din professionella hudv\u00e5rdssalong i centrala Halmstad. Vi brinner f\u00f6r personlig service, kvalitet och resultat inom hudv\u00e5rd. V\u00e4lkommen till din lokala hudterapeut!\" \/>\n<meta property=\"og:url\" content=\"https:\/\/hudsalongenhalmstad.se\/index.php\/om-oss\/\" \/>\n<meta property=\"og:site_name\" content=\"Hudsalongen Halmstad\" \/>\n<meta property=\"article:modified_time\" content=\"2026-01-25T18:24:56+00:00\" \/>\n<meta property=\"og:image\" content=\"https:\/\/s.w.org\/images\/core\/emoji\/16.0.1\/svg\/2764.svg\" \/>\n<meta name=\"twitter:card\" content=\"summary_large_image\" \/>\n<meta name=\"twitter:label1\" content=\"Ber\u00e4knad l\u00e4stid\" \/>\n\t<meta name=\"twitter:data1\" content=\"3 minuter\" \/>\n<script type=\"application\/ld+json\" class=\"yoast-schema-graph\">{\"@context\":\"https:\/\/schema.org\",\"@graph\":[{\"@type\":\"WebPage\",\"@id\":\"https:\/\/hudsalongenhalmstad.se\/index.php\/om-oss\/\",\"url\":\"https:\/\/hudsalongenhalmstad.se\/index.php\/om-oss\/\",\"name\":\"Om Oss - Hudsalongen Halmstad\",\"isPartOf\":{\"@id\":\"https:\/\/hudsalongenhalmstad.se\/#website\"},\"primaryImageOfPage\":{\"@id\":\"https:\/\/hudsalongenhalmstad.se\/index.php\/om-oss\/#primaryimage\"},\"image\":{\"@id\":\"https:\/\/hudsalongenhalmstad.se\/index.php\/om-oss\/#primaryimage\"},\"thumbnailUrl\":\"https:\/\/s.w.org\/images\/core\/emoji\/16.0.1\/svg\/2764.svg\",\"datePublished\":\"2025-04-16T18:46:34+00:00\",\"dateModified\":\"2026-01-25T18:24:56+00:00\",\"description\":\"L\u00e4s mer om Hudsalongen Halmstad \u2013 din professionella hudv\u00e5rdssalong i centrala Halmstad. Vi brinner f\u00f6r personlig service, kvalitet och resultat inom hudv\u00e5rd. V\u00e4lkommen till din lokala hudterapeut!\",\"breadcrumb\":{\"@id\":\"https:\/\/hudsalongenhalmstad.se\/index.php\/om-oss\/#breadcrumb\"},\"inLanguage\":\"sv-SE\",\"potentialAction\":[{\"@type\":\"ReadAction\",\"target\":[\"https:\/\/hudsalongenhalmstad.se\/index.php\/om-oss\/\"]}]},{\"@type\":\"ImageObject\",\"inLanguage\":\"sv-SE\",\"@id\":\"https:\/\/hudsalongenhalmstad.se\/index.php\/om-oss\/#primaryimage\",\"url\":\"https:\/\/s.w.org\/images\/core\/emoji\/16.0.1\/svg\/2764.svg\",\"contentUrl\":\"https:\/\/s.w.org\/images\/core\/emoji\/16.0.1\/svg\/2764.svg\"},{\"@type\":\"BreadcrumbList\",\"@id\":\"https:\/\/hudsalongenhalmstad.se\/index.php\/om-oss\/#breadcrumb\",\"itemListElement\":[{\"@type\":\"ListItem\",\"position\":1,\"name\":\"Hem\",\"item\":\"https:\/\/hudsalongenhalmstad.se\/\"},{\"@type\":\"ListItem\",\"position\":2,\"name\":\"Om Oss\"}]},{\"@type\":\"WebSite\",\"@id\":\"https:\/\/hudsalongenhalmstad.se\/#website\",\"url\":\"https:\/\/hudsalongenhalmstad.se\/\",\"name\":\"Hudsalongen Halmstad\",\"description\":\"\",\"publisher\":{\"@id\":\"https:\/\/hudsalongenhalmstad.se\/#organization\"},\"potentialAction\":[{\"@type\":\"SearchAction\",\"target\":{\"@type\":\"EntryPoint\",\"urlTemplate\":\"https:\/\/hudsalongenhalmstad.se\/?s={search_term_string}\"},\"query-input\":{\"@type\":\"PropertyValueSpecification\",\"valueRequired\":true,\"valueName\":\"search_term_string\"}}],\"inLanguage\":\"sv-SE\"},{\"@type\":\"Organization\",\"@id\":\"https:\/\/hudsalongenhalmstad.se\/#organization\",\"name\":\"Hudsalongen Halmstad\",\"url\":\"https:\/\/hudsalongenhalmstad.se\/\",\"logo\":{\"@type\":\"ImageObject\",\"inLanguage\":\"sv-SE\",\"@id\":\"https:\/\/hudsalongenhalmstad.se\/#\/schema\/logo\/image\/\",\"url\":\"https:\/\/hudsalongenhalmstad.se\/wp-content\/uploads\/2025\/04\/hudsalongenhalmstad-logo.png\",\"contentUrl\":\"https:\/\/hudsalongenhalmstad.se\/wp-content\/uploads\/2025\/04\/hudsalongenhalmstad-logo.png\",\"width\":393,\"height\":72,\"caption\":\"Hudsalongen Halmstad\"},\"image\":{\"@id\":\"https:\/\/hudsalongenhalmstad.se\/#\/schema\/logo\/image\/\"}}]}<\/script>\n<!-- \/ Yoast SEO plugin. -->","yoast_head_json":{"title":"Om Oss - Hudsalongen Halmstad","description":"L\u00e4s mer om Hudsalongen Halmstad \u2013 din professionella hudv\u00e5rdssalong i centrala Halmstad. Vi brinner f\u00f6r personlig service, kvalitet och resultat inom hudv\u00e5rd. V\u00e4lkommen till din lokala hudterapeut!","robots":{"index":"index","follow":"follow","max-snippet":"max-snippet:-1","max-image-preview":"max-image-preview:large","max-video-preview":"max-video-preview:-1"},"canonical":"https:\/\/hudsalongenhalmstad.se\/index.php\/om-oss\/","og_locale":"sv_SE","og_type":"article","og_title":"Om Oss - Hudsalongen Halmstad","og_description":"L\u00e4s mer om Hudsalongen Halmstad \u2013 din professionella hudv\u00e5rdssalong i centrala Halmstad. Vi brinner f\u00f6r personlig service, kvalitet och resultat inom hudv\u00e5rd. V\u00e4lkommen till din lokala hudterapeut!","og_url":"https:\/\/hudsalongenhalmstad.se\/index.php\/om-oss\/","og_site_name":"Hudsalongen Halmstad","article_modified_time":"2026-01-25T18:24:56+00:00","og_image":[{"url":"https:\/\/s.w.org\/images\/core\/emoji\/16.0.1\/svg\/2764.svg","type":"","width":"","height":""}],"twitter_card":"summary_large_image","twitter_misc":{"Ber\u00e4knad l\u00e4stid":"3 minuter"},"schema":{"@context":"https:\/\/schema.org","@graph":[{"@type":"WebPage","@id":"https:\/\/hudsalongenhalmstad.se\/index.php\/om-oss\/","url":"https:\/\/hudsalongenhalmstad.se\/index.php\/om-oss\/","name":"Om Oss - Hudsalongen Halmstad","isPartOf":{"@id":"https:\/\/hudsalongenhalmstad.se\/#website"},"primaryImageOfPage":{"@id":"https:\/\/hudsalongenhalmstad.se\/index.php\/om-oss\/#primaryimage"},"image":{"@id":"https:\/\/hudsalongenhalmstad.se\/index.php\/om-oss\/#primaryimage"},"thumbnailUrl":"https:\/\/s.w.org\/images\/core\/emoji\/16.0.1\/svg\/2764.svg","datePublished":"2025-04-16T18:46:34+00:00","dateModified":"2026-01-25T18:24:56+00:00","description":"L\u00e4s mer om Hudsalongen Halmstad \u2013 din professionella hudv\u00e5rdssalong i centrala Halmstad. Vi brinner f\u00f6r personlig service, kvalitet och resultat inom hudv\u00e5rd. V\u00e4lkommen till din lokala hudterapeut!","breadcrumb":{"@id":"https:\/\/hudsalongenhalmstad.se\/index.php\/om-oss\/#breadcrumb"},"inLanguage":"sv-SE","potentialAction":[{"@type":"ReadAction","target":["https:\/\/hudsalongenhalmstad.se\/index.php\/om-oss\/"]}]},{"@type":"ImageObject","inLanguage":"sv-SE","@id":"https:\/\/hudsalongenhalmstad.se\/index.php\/om-oss\/#primaryimage","url":"https:\/\/s.w.org\/images\/core\/emoji\/16.0.1\/svg\/2764.svg","contentUrl":"https:\/\/s.w.org\/images\/core\/emoji\/16.0.1\/svg\/2764.svg"},{"@type":"BreadcrumbList","@id":"https:\/\/hudsalongenhalmstad.se\/index.php\/om-oss\/#breadcrumb","itemListElement":[{"@type":"ListItem","position":1,"name":"Hem","item":"https:\/\/hudsalongenhalmstad.se\/"},{"@type":"ListItem","position":2,"name":"Om Oss"}]},{"@type":"WebSite","@id":"https:\/\/hudsalongenhalmstad.se\/#website","url":"https:\/\/hudsalongenhalmstad.se\/","name":"Hudsalongen Halmstad","description":"","publisher":{"@id":"https:\/\/hudsalongenhalmstad.se\/#organization"},"potentialAction":[{"@type":"SearchAction","target":{"@type":"EntryPoint","urlTemplate":"https:\/\/hudsalongenhalmstad.se\/?s={search_term_string}"},"query-input":{"@type":"PropertyValueSpecification","valueRequired":true,"valueName":"search_term_string"}}],"inLanguage":"sv-SE"},{"@type":"Organization","@id":"https:\/\/hudsalongenhalmstad.se\/#organization","name":"Hudsalongen Halmstad","url":"https:\/\/hudsalongenhalmstad.se\/","logo":{"@type":"ImageObject","inLanguage":"sv-SE","@id":"https:\/\/hudsalongenhalmstad.se\/#\/schema\/logo\/image\/","url":"https:\/\/hudsalongenhalmstad.se\/wp-content\/uploads\/2025\/04\/hudsalongenhalmstad-logo.png","contentUrl":"https:\/\/hudsalongenhalmstad.se\/wp-content\/uploads\/2025\/04\/hudsalongenhalmstad-logo.png","width":393,"height":72,"caption":"Hudsalongen Halmstad"},"image":{"@id":"https:\/\/hudsalongenhalmstad.se\/#\/schema\/logo\/image\/"}}]}},"jetpack_sharing_enabled":true,"_links":{"self":[{"href":"https:\/\/hudsalongenhalmstad.se\/index.php\/wp-json\/wp\/v2\/pages\/20","targetHints":{"allow":["GET"]}}],"collection":[{"href":"https:\/\/hudsalongenhalmstad.se\/index.php\/wp-json\/wp\/v2\/pages"}],"about":[{"href":"https:\/\/hudsalongenhalmstad.se\/index.php\/wp-json\/wp\/v2\/types\/page"}],"author":[{"embeddable":true,"href":"https:\/\/hudsalongenhalmstad.se\/index.php\/wp-json\/wp\/v2\/users\/1"}],"replies":[{"embeddable":true,"href":"https:\/\/hudsalongenhalmstad.se\/index.php\/wp-json\/wp\/v2\/comments?post=20"}],"version-history":[{"count":40,"href":"https:\/\/hudsalongenhalmstad.se\/index.php\/wp-json\/wp\/v2\/pages\/20\/revisions"}],"predecessor-version":[{"id":611,"href":"https:\/\/hudsalongenhalmstad.se\/index.php\/wp-json\/wp\/v2\/pages\/20\/revisions\/611"}],"wp:attachment":[{"href":"https:\/\/hudsalongenhalmstad.se\/index.php\/wp-json\/wp\/v2\/media?parent=20"}],"curies":[{"name":"wp","href":"https:\/\/api.w.org\/{rel}","templated":true}]}}