{"id":441,"date":"2025-05-09T13:43:31","date_gmt":"2025-05-09T12:43:31","guid":{"rendered":"https:\/\/hudsalongenhalmstad.se\/?page_id=441"},"modified":"2025-05-15T08:31:38","modified_gmt":"2025-05-15T07:31:38","slug":"produkter","status":"publish","type":"page","link":"https:\/\/hudsalongenhalmstad.se\/index.php\/produkter\/","title":{"rendered":"Produkter"},"content":{"rendered":"\t\t<div data-elementor-type=\"wp-page\" data-elementor-id=\"441\" class=\"elementor elementor-441\">\n\t\t\t\t<div class=\"elementor-element elementor-element-a3a0b84 e-flex e-con-boxed e-con e-parent\" data-id=\"a3a0b84\" data-element_type=\"container\">\n\t\t\t\t\t<div class=\"e-con-inner\">\n\t\t\t\t<div class=\"elementor-element elementor-element-0780394 elementor-widget elementor-widget-spacer\" data-id=\"0780394\" data-element_type=\"widget\" data-widget_type=\"spacer.default\">\n\t\t\t\t<div class=\"elementor-widget-container\">\n\t\t\t\t\t\t\t<div class=\"elementor-spacer\">\n\t\t\t<div class=\"elementor-spacer-inner\"><\/div>\n\t\t<\/div>\n\t\t\t\t\t\t<\/div>\n\t\t\t\t<\/div>\n\t\t\t\t<div class=\"elementor-element elementor-element-0376cc3 elementor-invisible elementor-widget elementor-widget-heading\" data-id=\"0376cc3\" data-element_type=\"widget\" data-settings=\"{&quot;_animation&quot;:&quot;fadeInUp&quot;}\" data-widget_type=\"heading.default\">\n\t\t\t\t<div class=\"elementor-widget-container\">\n\t\t\t\t\t<span class=\"elementor-heading-title elementor-size-default\">produkter<\/span>\t\t\t\t<\/div>\n\t\t\t\t<\/div>\n\t\t\t\t<div class=\"elementor-element elementor-element-18f22be elementor-widget elementor-widget-spacer\" data-id=\"18f22be\" data-element_type=\"widget\" data-widget_type=\"spacer.default\">\n\t\t\t\t<div class=\"elementor-widget-container\">\n\t\t\t\t\t\t\t<div class=\"elementor-spacer\">\n\t\t\t<div class=\"elementor-spacer-inner\"><\/div>\n\t\t<\/div>\n\t\t\t\t\t\t<\/div>\n\t\t\t\t<\/div>\n\t\t\t\t\t<\/div>\n\t\t\t\t<\/div>\n\t\t<div class=\"elementor-element elementor-element-cb1922a e-grid e-con-boxed e-con e-parent\" data-id=\"cb1922a\" data-element_type=\"container\">\n\t\t\t\t\t<div class=\"e-con-inner\">\n\t\t<div class=\"elementor-element elementor-element-cce91f1 e-flex e-con-boxed e-con e-child\" data-id=\"cce91f1\" data-element_type=\"container\">\n\t\t\t\t\t<div class=\"e-con-inner\">\n\t\t\t\t<div class=\"elementor-element elementor-element-3bed2a5 elementor-widget elementor-widget-image\" data-id=\"3bed2a5\" data-element_type=\"widget\" data-widget_type=\"image.default\">\n\t\t\t\t<div class=\"elementor-widget-container\">\n\t\t\t\t\t\t\t\t\t\t\t\t\t\t\t<img fetchpriority=\"high\" decoding=\"async\" width=\"800\" height=\"473\" src=\"https:\/\/hudsalongenhalmstad.se\/wp-content\/uploads\/2025\/05\/Screenshot-2025-05-09-at-14.30.39-1024x605.png\" class=\"attachment-large size-large wp-image-446\" alt=\"\" srcset=\"https:\/\/hudsalongenhalmstad.se\/wp-content\/uploads\/2025\/05\/Screenshot-2025-05-09-at-14.30.39-1024x605.png 1024w, https:\/\/hudsalongenhalmstad.se\/wp-content\/uploads\/2025\/05\/Screenshot-2025-05-09-at-14.30.39-300x177.png 300w, https:\/\/hudsalongenhalmstad.se\/wp-content\/uploads\/2025\/05\/Screenshot-2025-05-09-at-14.30.39-768x454.png 768w, https:\/\/hudsalongenhalmstad.se\/wp-content\/uploads\/2025\/05\/Screenshot-2025-05-09-at-14.30.39.png 1042w\" sizes=\"(max-width: 800px) 100vw, 800px\" \/>\t\t\t\t\t\t\t\t\t\t\t\t\t\t\t<\/div>\n\t\t\t\t<\/div>\n\t\t\t\t<div class=\"elementor-element elementor-element-49651c9 elementor-widget elementor-widget-text-editor\" data-id=\"49651c9\" data-element_type=\"widget\" data-widget_type=\"text-editor.default\">\n\t\t\t\t<div class=\"elementor-widget-container\">\n\t\t\t\t\t\t\t\t\t<h2><strong>NEOSTRATA<\/strong><\/h2><p><span style=\"font-weight: 400;\">Dermatologiskt utvecklad hudv\u00e5rd som rekommenderas och hyllas av experter v\u00e4rlden \u00f6ver<\/span><\/p><p><span style=\"font-weight: 400;\">NEOSTRATA \u00e4r vetenskapligt avancerad, kliniskt bepr\u00f6vad hudv\u00e5rd som utvecklats f\u00f6r att \u00e5terst\u00e4lla, f\u00f6rb\u00e4ttra och synbart ge huden ett nytt utseende. NEOSTRATAs unika patenterade teknologier hj\u00e4lper huden att f\u00f6rnya sig sj\u00e4lv<\/span><\/p><p><span style=\"font-weight: 400;\">Grundarna av NEOSTRATA, Dr Van Scott och Dr Yu, \u00e4r internationellt erk\u00e4nda f\u00f6r sin banbrytande uppt\u00e4ckt av AlfaHydroxySyrornas (AHA) betydelse f\u00f6r huden. De har bland annat erh\u00e5llit the Honorary Discovery Award fr\u00e5n the Dermatology Foundation f\u00f6r sin framst\u00e5ende forskning<\/span><\/p>\t\t\t\t\t\t\t\t<\/div>\n\t\t\t\t<\/div>\n\t\t\t\t<div class=\"elementor-element elementor-element-9d386bc elementor-button-info elementor-invisible elementor-widget elementor-widget-button\" data-id=\"9d386bc\" data-element_type=\"widget\" data-settings=\"{&quot;_animation&quot;:&quot;fadeInDown&quot;}\" data-widget_type=\"button.default\">\n\t\t\t\t<div class=\"elementor-widget-container\">\n\t\t\t\t\t\t\t\t\t<div class=\"elementor-button-wrapper\">\n\t\t\t\t\t<a class=\"elementor-button elementor-button-link elementor-size-sm elementor-animation-sink\" href=\"https:\/\/www.neostrata.se\/#clinic=2638&#038;link=9f23739e\">\n\t\t\t\t\t\t<span class=\"elementor-button-content-wrapper\">\n\t\t\t\t\t\t<span class=\"elementor-button-icon\">\n\t\t\t\t<svg aria-hidden=\"true\" class=\"e-font-icon-svg e-fas-shopping-bag\" viewBox=\"0 0 448 512\" xmlns=\"http:\/\/www.w3.org\/2000\/svg\"><path d=\"M352 160v-32C352 57.42 294.579 0 224 0 153.42 0 96 57.42 96 128v32H0v272c0 44.183 35.817 80 80 80h288c44.183 0 80-35.817 80-80V160h-96zm-192-32c0-35.29 28.71-64 64-64s64 28.71 64 64v32H160v-32zm160 120c-13.255 0-24-10.745-24-24s10.745-24 24-24 24 10.745 24 24-10.745 24-24 24zm-192 0c-13.255 0-24-10.745-24-24s10.745-24 24-24 24 10.745 24 24-10.745 24-24 24z\"><\/path><\/svg>\t\t\t<\/span>\n\t\t\t\t\t\t\t\t\t<span class=\"elementor-button-text\">K\u00f6p H\u00e4r<\/span>\n\t\t\t\t\t<\/span>\n\t\t\t\t\t<\/a>\n\t\t\t\t<\/div>\n\t\t\t\t\t\t\t\t<\/div>\n\t\t\t\t<\/div>\n\t\t\t\t\t<\/div>\n\t\t\t\t<\/div>\n\t\t<div class=\"elementor-element elementor-element-e9ad9db e-con-full e-flex e-con e-child\" data-id=\"e9ad9db\" data-element_type=\"container\">\n\t\t\t\t<div class=\"elementor-element elementor-element-5e3deb4 elementor-widget elementor-widget-image\" data-id=\"5e3deb4\" data-element_type=\"widget\" data-widget_type=\"image.default\">\n\t\t\t\t<div class=\"elementor-widget-container\">\n\t\t\t\t\t\t\t\t\t\t\t\t\t\t\t<img decoding=\"async\" width=\"800\" height=\"506\" src=\"https:\/\/hudsalongenhalmstad.se\/wp-content\/uploads\/2025\/05\/Stratum_blog-scaled-1-e1746794585548-1024x648.jpg\" class=\"attachment-large size-large wp-image-450\" alt=\"\" srcset=\"https:\/\/hudsalongenhalmstad.se\/wp-content\/uploads\/2025\/05\/Stratum_blog-scaled-1-e1746794585548-1024x648.jpg 1024w, https:\/\/hudsalongenhalmstad.se\/wp-content\/uploads\/2025\/05\/Stratum_blog-scaled-1-e1746794585548-300x190.jpg 300w, https:\/\/hudsalongenhalmstad.se\/wp-content\/uploads\/2025\/05\/Stratum_blog-scaled-1-e1746794585548-768x486.jpg 768w, https:\/\/hudsalongenhalmstad.se\/wp-content\/uploads\/2025\/05\/Stratum_blog-scaled-1-e1746794585548-1536x972.jpg 1536w, https:\/\/hudsalongenhalmstad.se\/wp-content\/uploads\/2025\/05\/Stratum_blog-scaled-1-e1746794585548-2048x1296.jpg 2048w\" sizes=\"(max-width: 800px) 100vw, 800px\" \/>\t\t\t\t\t\t\t\t\t\t\t\t\t\t\t<\/div>\n\t\t\t\t<\/div>\n\t\t\t\t<div class=\"elementor-element elementor-element-91361db elementor-widget elementor-widget-text-editor\" data-id=\"91361db\" data-element_type=\"widget\" data-widget_type=\"text-editor.default\">\n\t\t\t\t<div class=\"elementor-widget-container\">\n\t\t\t\t\t\t\t\t\t<h2><strong>NANNIC<\/strong><\/h2><p><span style=\"font-weight: 400;\">H\u00f6gkvalitativa hudv\u00e5rdsformler med vetenskapligt tillv\u00e4gag\u00e5ngss\u00e4tt. Nationellt och internationellt prisbel\u00f6nta f\u00f6r sin verksamhet. Varje produkt inneh\u00e5ller bepr\u00f6vade kliniskt aktiva ingredienser som h\u00e5ller vad de lovar. De g\u00f6r huden frisk igen. F\u00f6r ett str\u00e5lande resultat.<\/span><\/p><p><span style=\"font-weight: 400;\">V\u00e4rldsnyheten Stratum Symbiosum \u00e4r en produktserie som skapar den harmoni som kr\u00e4vs f\u00f6r en l\u00e5ngsiktig, v\u00e4lm\u00e5ende hud.\u00a0<\/span><\/p><p><span style=\"font-weight: 400;\">Patenterad prebiotisk bas som kombineras med h\u00f6gkoncenterade aktiva ingredienser.<\/span><\/p><p><span style=\"font-weight: 400;\">Stratum Symbiosum v\u00e5rdar inte bara den synliga huden. Utan \u00e4ven v\u00e5r levande barr\u00e4r, v\u00e5rt mikrobiom.\u00a0<\/span><\/p><p><span style=\"font-weight: 400;\">Passar alla hudtyper och hudtillst\u00e5nd.\u00a0<\/span><\/p>\t\t\t\t\t\t\t\t<\/div>\n\t\t\t\t<\/div>\n\t\t\t\t<\/div>\n\t\t<div class=\"elementor-element elementor-element-2231426 e-con-full e-flex e-con e-child\" data-id=\"2231426\" data-element_type=\"container\">\n\t\t\t\t<div class=\"elementor-element elementor-element-39dae9d elementor-widget elementor-widget-image\" data-id=\"39dae9d\" data-element_type=\"widget\" data-widget_type=\"image.default\">\n\t\t\t\t<div class=\"elementor-widget-container\">\n\t\t\t\t\t\t\t\t\t\t\t\t\t\t\t<img decoding=\"async\" width=\"800\" height=\"629\" src=\"https:\/\/hudsalongenhalmstad.se\/wp-content\/uploads\/2025\/05\/Screenshot-2025-05-09-at-14.37.48-1024x805.png\" class=\"attachment-large size-large wp-image-449\" alt=\"\" srcset=\"https:\/\/hudsalongenhalmstad.se\/wp-content\/uploads\/2025\/05\/Screenshot-2025-05-09-at-14.37.48-1024x805.png 1024w, https:\/\/hudsalongenhalmstad.se\/wp-content\/uploads\/2025\/05\/Screenshot-2025-05-09-at-14.37.48-300x236.png 300w, https:\/\/hudsalongenhalmstad.se\/wp-content\/uploads\/2025\/05\/Screenshot-2025-05-09-at-14.37.48-768x604.png 768w, https:\/\/hudsalongenhalmstad.se\/wp-content\/uploads\/2025\/05\/Screenshot-2025-05-09-at-14.37.48.png 1242w\" sizes=\"(max-width: 800px) 100vw, 800px\" \/>\t\t\t\t\t\t\t\t\t\t\t\t\t\t\t<\/div>\n\t\t\t\t<\/div>\n\t\t\t\t<div class=\"elementor-element elementor-element-5029afb elementor-widget elementor-widget-text-editor\" data-id=\"5029afb\" data-element_type=\"widget\" data-widget_type=\"text-editor.default\">\n\t\t\t\t<div class=\"elementor-widget-container\">\n\t\t\t\t\t\t\t\t\t<h2><strong>HELIOCARE<\/strong><\/h2><p><span style=\"font-weight: 400;\">Heliocare \u00e4r ett av Europas ledande solskyddsm\u00e4rken utvecklat av experter inom dermatologi och \u00e4r ett perfekt komplement till NEOSTRATAs hudv\u00e5rdsprodukter.\u00a0<\/span><\/p><p><span style=\"font-weight: 400;\">Alla produkter fr\u00e5n Heliocare skyddar huden mot skadlig UVA samt UVB-str\u00e5lning och produkternas och teknologiernas effekt \u00e4r v\u00e4ldokumenterade. De motverkar solskador, hudens \u00e5ldrande samt minimerar \u00f6verk\u00e4nslighet fr\u00e5n sol med hj\u00e4lp av Fernblock<\/span><span style=\"font-weight: 400;\">\u00ae\u00a0<\/span><span style=\"font-weight: 400;\">teknologin, bredspektriga solfilter och antioxidanter som gr\u00f6nt te, vitamin C och E.<\/span><\/p><p><br style=\"font-weight: 400;\" \/><br style=\"font-weight: 400;\" \/><\/p>\t\t\t\t\t\t\t\t<\/div>\n\t\t\t\t<\/div>\n\t\t\t\t<\/div>\n\t\t<div class=\"elementor-element elementor-element-7c58a00 e-con-full e-flex e-con e-child\" data-id=\"7c58a00\" data-element_type=\"container\">\n\t\t\t\t<div class=\"elementor-element elementor-element-60786ee elementor-widget elementor-widget-image\" data-id=\"60786ee\" data-element_type=\"widget\" data-widget_type=\"image.default\">\n\t\t\t\t<div class=\"elementor-widget-container\">\n\t\t\t\t\t\t\t\t\t\t\t\t\t\t\t<img loading=\"lazy\" decoding=\"async\" width=\"800\" height=\"800\" src=\"https:\/\/hudsalongenhalmstad.se\/wp-content\/uploads\/2025\/05\/3433.jpg-1024x1024.webp\" class=\"attachment-large size-large wp-image-477\" alt=\"\" srcset=\"https:\/\/hudsalongenhalmstad.se\/wp-content\/uploads\/2025\/05\/3433.jpg-1024x1024.webp 1024w, https:\/\/hudsalongenhalmstad.se\/wp-content\/uploads\/2025\/05\/3433.jpg-300x300.webp 300w, https:\/\/hudsalongenhalmstad.se\/wp-content\/uploads\/2025\/05\/3433.jpg-150x150.webp 150w, https:\/\/hudsalongenhalmstad.se\/wp-content\/uploads\/2025\/05\/3433.jpg-768x768.webp 768w, https:\/\/hudsalongenhalmstad.se\/wp-content\/uploads\/2025\/05\/3433.jpg.webp 1200w\" sizes=\"(max-width: 800px) 100vw, 800px\" \/>\t\t\t\t\t\t\t\t\t\t\t\t\t\t\t<\/div>\n\t\t\t\t<\/div>\n\t\t\t\t<div class=\"elementor-element elementor-element-ea4865c elementor-widget elementor-widget-text-editor\" data-id=\"ea4865c\" data-element_type=\"widget\" data-widget_type=\"text-editor.default\">\n\t\t\t\t<div class=\"elementor-widget-container\">\n\t\t\t\t\t\t\t\t\t<h2>FiiLit Parfum du Voyage<\/h2><p>Inspirerade av olika l\u00e4nder tar de dig p\u00e5 en resa genom v\u00e4rlden. Parfymerna \u00e4r baserade p\u00e5 87-100% naturliga ingredienser, h\u00e5llbart och r\u00e4ttvist handlande r\u00e5varor. Certifierade cruelty-free och vegan av PETA, och Naturlig av Cosmos Natural.<\/p><p><br \/>Produceras i Frankrike, \u00e4r baserade p\u00e5 h\u00e5llbara och r\u00e4ttvist handlade r\u00e5varor, och kommer i milj\u00f6v\u00e4nliga f\u00f6rpackningar av glas med asktr\u00e4 fr\u00e5n skyddade skogar i Frankrike, Spanien och Belgien, certifierad PEFC.<\/p>\t\t\t\t\t\t\t\t<\/div>\n\t\t\t\t<\/div>\n\t\t\t\t<\/div>\n\t\t<div class=\"elementor-element elementor-element-46f7685 e-con-full e-flex e-con e-child\" data-id=\"46f7685\" data-element_type=\"container\">\n\t\t\t\t<div class=\"elementor-element elementor-element-36b0016 elementor-widget elementor-widget-image\" data-id=\"36b0016\" data-element_type=\"widget\" data-widget_type=\"image.default\">\n\t\t\t\t<div class=\"elementor-widget-container\">\n\t\t\t\t\t\t\t\t\t\t\t\t\t\t\t<img loading=\"lazy\" decoding=\"async\" width=\"500\" height=\"500\" src=\"https:\/\/hudsalongenhalmstad.se\/wp-content\/uploads\/2025\/05\/image.psd-3.jpg\" class=\"attachment-full size-full wp-image-479\" alt=\"\" srcset=\"https:\/\/hudsalongenhalmstad.se\/wp-content\/uploads\/2025\/05\/image.psd-3.jpg 500w, https:\/\/hudsalongenhalmstad.se\/wp-content\/uploads\/2025\/05\/image.psd-3-300x300.jpg 300w, https:\/\/hudsalongenhalmstad.se\/wp-content\/uploads\/2025\/05\/image.psd-3-150x150.jpg 150w\" sizes=\"(max-width: 500px) 100vw, 500px\" \/>\t\t\t\t\t\t\t\t\t\t\t\t\t\t\t<\/div>\n\t\t\t\t<\/div>\n\t\t\t\t<div class=\"elementor-element elementor-element-d45e4cf elementor-widget elementor-widget-text-editor\" data-id=\"d45e4cf\" data-element_type=\"widget\" data-widget_type=\"text-editor.default\">\n\t\t\t\t<div class=\"elementor-widget-container\">\n\t\t\t\t\t\t\t\t\t<h2>Masq+<\/h2><p>Masq+ \u00e4r en serie \u00e5terfuktande\u00a0sheet masks\u00a0anpassade efter<br \/>nordiskt klimat som ger din hy en fin glow! Du placerar dem enkelt<br \/>\u00f6ver ansiktet. Sen \u00e4r det bara att luta sig tillbaka och njuta! MASQ+<br \/>sheet masks har snabbt blivit en succ\u00e9 och vunnit b\u00e5de Swedish<br \/>Beauty Awards samt Sthlm Beauty Week Award och f\u00e5tt flera andra<br \/>nomineringar. ELLE uts\u00e5g MASQ+ Rejuvenating &amp; Moisture till \u00e5rets<br \/>b\u00e4sta sheet mask f\u00f6r v\u00e4ldigt torr hy.<\/p>\t\t\t\t\t\t\t\t<\/div>\n\t\t\t\t<\/div>\n\t\t\t\t<\/div>\n\t\t\t\t\t<\/div>\n\t\t\t\t<\/div>\n\t\t\t\t<\/div>\n\t\t","protected":false},"excerpt":{"rendered":"<p>produkter NEOSTRATA Dermatologiskt utvecklad hudv\u00e5rd som rekommenderas och hyllas av experter v\u00e4rlden \u00f6ver NEOSTRATA \u00e4r vetenskapligt avancerad, kliniskt bepr\u00f6vad hudv\u00e5rd som utvecklats f\u00f6r att \u00e5terst\u00e4lla, f\u00f6rb\u00e4ttra och synbart ge huden ett nytt utseende. NEOSTRATAs unika patenterade teknologier hj\u00e4lper huden att f\u00f6rnya sig sj\u00e4lv Grundarna av NEOSTRATA, Dr Van Scott och Dr Yu, \u00e4r internationellt erk\u00e4nda [&hellip;]<\/p>\n","protected":false},"author":2,"featured_media":0,"parent":0,"menu_order":0,"comment_status":"closed","ping_status":"closed","template":"elementor_header_footer","meta":{"_acf_changed":false,"footnotes":""},"class_list":["post-441","page","type-page","status-publish","hentry"],"acf":[],"yoast_head":"<!-- This site is optimized with the Yoast SEO plugin v24.9 - https:\/\/yoast.com\/wordpress\/plugins\/seo\/ -->\n<title>Produkter - Hudsalongen Halmstad<\/title>\n<meta name=\"robots\" content=\"index, follow, max-snippet:-1, max-image-preview:large, max-video-preview:-1\" \/>\n<link rel=\"canonical\" href=\"https:\/\/hudsalongenhalmstad.se\/index.php\/produkter\/\" \/>\n<meta property=\"og:locale\" content=\"sv_SE\" \/>\n<meta property=\"og:type\" content=\"article\" \/>\n<meta property=\"og:title\" content=\"Produkter - Hudsalongen Halmstad\" \/>\n<meta property=\"og:description\" content=\"produkter NEOSTRATA Dermatologiskt utvecklad hudv\u00e5rd som rekommenderas och hyllas av experter v\u00e4rlden \u00f6ver NEOSTRATA \u00e4r vetenskapligt avancerad, kliniskt bepr\u00f6vad hudv\u00e5rd som utvecklats f\u00f6r att \u00e5terst\u00e4lla, f\u00f6rb\u00e4ttra och synbart ge huden ett nytt utseende. NEOSTRATAs unika patenterade teknologier hj\u00e4lper huden att f\u00f6rnya sig sj\u00e4lv Grundarna av NEOSTRATA, Dr Van Scott och Dr Yu, \u00e4r internationellt erk\u00e4nda [&hellip;]\" \/>\n<meta property=\"og:url\" content=\"https:\/\/hudsalongenhalmstad.se\/index.php\/produkter\/\" \/>\n<meta property=\"og:site_name\" content=\"Hudsalongen Halmstad\" \/>\n<meta property=\"article:modified_time\" content=\"2025-05-15T07:31:38+00:00\" \/>\n<meta property=\"og:image\" content=\"https:\/\/hudsalongenhalmstad.se\/wp-content\/uploads\/2025\/05\/Screenshot-2025-05-09-at-14.30.39.png\" \/>\n\t<meta property=\"og:image:width\" content=\"1042\" \/>\n\t<meta property=\"og:image:height\" content=\"616\" \/>\n\t<meta property=\"og:image:type\" content=\"image\/png\" \/>\n<meta name=\"twitter:card\" content=\"summary_large_image\" \/>\n<meta name=\"twitter:label1\" content=\"Ber\u00e4knad l\u00e4stid\" \/>\n\t<meta name=\"twitter:data1\" content=\"3 minuter\" \/>\n<script type=\"application\/ld+json\" class=\"yoast-schema-graph\">{\"@context\":\"https:\/\/schema.org\",\"@graph\":[{\"@type\":\"WebPage\",\"@id\":\"https:\/\/hudsalongenhalmstad.se\/index.php\/produkter\/\",\"url\":\"https:\/\/hudsalongenhalmstad.se\/index.php\/produkter\/\",\"name\":\"Produkter - Hudsalongen Halmstad\",\"isPartOf\":{\"@id\":\"https:\/\/hudsalongenhalmstad.se\/#website\"},\"primaryImageOfPage\":{\"@id\":\"https:\/\/hudsalongenhalmstad.se\/index.php\/produkter\/#primaryimage\"},\"image\":{\"@id\":\"https:\/\/hudsalongenhalmstad.se\/index.php\/produkter\/#primaryimage\"},\"thumbnailUrl\":\"https:\/\/hudsalongenhalmstad.se\/wp-content\/uploads\/2025\/05\/Screenshot-2025-05-09-at-14.30.39-1024x605.png\",\"datePublished\":\"2025-05-09T12:43:31+00:00\",\"dateModified\":\"2025-05-15T07:31:38+00:00\",\"breadcrumb\":{\"@id\":\"https:\/\/hudsalongenhalmstad.se\/index.php\/produkter\/#breadcrumb\"},\"inLanguage\":\"sv-SE\",\"potentialAction\":[{\"@type\":\"ReadAction\",\"target\":[\"https:\/\/hudsalongenhalmstad.se\/index.php\/produkter\/\"]}]},{\"@type\":\"ImageObject\",\"inLanguage\":\"sv-SE\",\"@id\":\"https:\/\/hudsalongenhalmstad.se\/index.php\/produkter\/#primaryimage\",\"url\":\"https:\/\/hudsalongenhalmstad.se\/wp-content\/uploads\/2025\/05\/Screenshot-2025-05-09-at-14.30.39.png\",\"contentUrl\":\"https:\/\/hudsalongenhalmstad.se\/wp-content\/uploads\/2025\/05\/Screenshot-2025-05-09-at-14.30.39.png\",\"width\":1042,\"height\":616},{\"@type\":\"BreadcrumbList\",\"@id\":\"https:\/\/hudsalongenhalmstad.se\/index.php\/produkter\/#breadcrumb\",\"itemListElement\":[{\"@type\":\"ListItem\",\"position\":1,\"name\":\"Hem\",\"item\":\"https:\/\/hudsalongenhalmstad.se\/\"},{\"@type\":\"ListItem\",\"position\":2,\"name\":\"Produkter\"}]},{\"@type\":\"WebSite\",\"@id\":\"https:\/\/hudsalongenhalmstad.se\/#website\",\"url\":\"https:\/\/hudsalongenhalmstad.se\/\",\"name\":\"Hudsalongen Halmstad\",\"description\":\"\",\"publisher\":{\"@id\":\"https:\/\/hudsalongenhalmstad.se\/#organization\"},\"potentialAction\":[{\"@type\":\"SearchAction\",\"target\":{\"@type\":\"EntryPoint\",\"urlTemplate\":\"https:\/\/hudsalongenhalmstad.se\/?s={search_term_string}\"},\"query-input\":{\"@type\":\"PropertyValueSpecification\",\"valueRequired\":true,\"valueName\":\"search_term_string\"}}],\"inLanguage\":\"sv-SE\"},{\"@type\":\"Organization\",\"@id\":\"https:\/\/hudsalongenhalmstad.se\/#organization\",\"name\":\"Hudsalongen Halmstad\",\"url\":\"https:\/\/hudsalongenhalmstad.se\/\",\"logo\":{\"@type\":\"ImageObject\",\"inLanguage\":\"sv-SE\",\"@id\":\"https:\/\/hudsalongenhalmstad.se\/#\/schema\/logo\/image\/\",\"url\":\"https:\/\/hudsalongenhalmstad.se\/wp-content\/uploads\/2025\/04\/hudsalongenhalmstad-logo.png\",\"contentUrl\":\"https:\/\/hudsalongenhalmstad.se\/wp-content\/uploads\/2025\/04\/hudsalongenhalmstad-logo.png\",\"width\":393,\"height\":72,\"caption\":\"Hudsalongen Halmstad\"},\"image\":{\"@id\":\"https:\/\/hudsalongenhalmstad.se\/#\/schema\/logo\/image\/\"}}]}<\/script>\n<!-- \/ Yoast SEO plugin. -->","yoast_head_json":{"title":"Produkter - Hudsalongen Halmstad","robots":{"index":"index","follow":"follow","max-snippet":"max-snippet:-1","max-image-preview":"max-image-preview:large","max-video-preview":"max-video-preview:-1"},"canonical":"https:\/\/hudsalongenhalmstad.se\/index.php\/produkter\/","og_locale":"sv_SE","og_type":"article","og_title":"Produkter - Hudsalongen Halmstad","og_description":"produkter NEOSTRATA Dermatologiskt utvecklad hudv\u00e5rd som rekommenderas och hyllas av experter v\u00e4rlden \u00f6ver NEOSTRATA \u00e4r vetenskapligt avancerad, kliniskt bepr\u00f6vad hudv\u00e5rd som utvecklats f\u00f6r att \u00e5terst\u00e4lla, f\u00f6rb\u00e4ttra och synbart ge huden ett nytt utseende. NEOSTRATAs unika patenterade teknologier hj\u00e4lper huden att f\u00f6rnya sig sj\u00e4lv Grundarna av NEOSTRATA, Dr Van Scott och Dr Yu, \u00e4r internationellt erk\u00e4nda [&hellip;]","og_url":"https:\/\/hudsalongenhalmstad.se\/index.php\/produkter\/","og_site_name":"Hudsalongen Halmstad","article_modified_time":"2025-05-15T07:31:38+00:00","og_image":[{"width":1042,"height":616,"url":"https:\/\/hudsalongenhalmstad.se\/wp-content\/uploads\/2025\/05\/Screenshot-2025-05-09-at-14.30.39.png","type":"image\/png"}],"twitter_card":"summary_large_image","twitter_misc":{"Ber\u00e4knad l\u00e4stid":"3 minuter"},"schema":{"@context":"https:\/\/schema.org","@graph":[{"@type":"WebPage","@id":"https:\/\/hudsalongenhalmstad.se\/index.php\/produkter\/","url":"https:\/\/hudsalongenhalmstad.se\/index.php\/produkter\/","name":"Produkter - Hudsalongen Halmstad","isPartOf":{"@id":"https:\/\/hudsalongenhalmstad.se\/#website"},"primaryImageOfPage":{"@id":"https:\/\/hudsalongenhalmstad.se\/index.php\/produkter\/#primaryimage"},"image":{"@id":"https:\/\/hudsalongenhalmstad.se\/index.php\/produkter\/#primaryimage"},"thumbnailUrl":"https:\/\/hudsalongenhalmstad.se\/wp-content\/uploads\/2025\/05\/Screenshot-2025-05-09-at-14.30.39-1024x605.png","datePublished":"2025-05-09T12:43:31+00:00","dateModified":"2025-05-15T07:31:38+00:00","breadcrumb":{"@id":"https:\/\/hudsalongenhalmstad.se\/index.php\/produkter\/#breadcrumb"},"inLanguage":"sv-SE","potentialAction":[{"@type":"ReadAction","target":["https:\/\/hudsalongenhalmstad.se\/index.php\/produkter\/"]}]},{"@type":"ImageObject","inLanguage":"sv-SE","@id":"https:\/\/hudsalongenhalmstad.se\/index.php\/produkter\/#primaryimage","url":"https:\/\/hudsalongenhalmstad.se\/wp-content\/uploads\/2025\/05\/Screenshot-2025-05-09-at-14.30.39.png","contentUrl":"https:\/\/hudsalongenhalmstad.se\/wp-content\/uploads\/2025\/05\/Screenshot-2025-05-09-at-14.30.39.png","width":1042,"height":616},{"@type":"BreadcrumbList","@id":"https:\/\/hudsalongenhalmstad.se\/index.php\/produkter\/#breadcrumb","itemListElement":[{"@type":"ListItem","position":1,"name":"Hem","item":"https:\/\/hudsalongenhalmstad.se\/"},{"@type":"ListItem","position":2,"name":"Produkter"}]},{"@type":"WebSite","@id":"https:\/\/hudsalongenhalmstad.se\/#website","url":"https:\/\/hudsalongenhalmstad.se\/","name":"Hudsalongen Halmstad","description":"","publisher":{"@id":"https:\/\/hudsalongenhalmstad.se\/#organization"},"potentialAction":[{"@type":"SearchAction","target":{"@type":"EntryPoint","urlTemplate":"https:\/\/hudsalongenhalmstad.se\/?s={search_term_string}"},"query-input":{"@type":"PropertyValueSpecification","valueRequired":true,"valueName":"search_term_string"}}],"inLanguage":"sv-SE"},{"@type":"Organization","@id":"https:\/\/hudsalongenhalmstad.se\/#organization","name":"Hudsalongen Halmstad","url":"https:\/\/hudsalongenhalmstad.se\/","logo":{"@type":"ImageObject","inLanguage":"sv-SE","@id":"https:\/\/hudsalongenhalmstad.se\/#\/schema\/logo\/image\/","url":"https:\/\/hudsalongenhalmstad.se\/wp-content\/uploads\/2025\/04\/hudsalongenhalmstad-logo.png","contentUrl":"https:\/\/hudsalongenhalmstad.se\/wp-content\/uploads\/2025\/04\/hudsalongenhalmstad-logo.png","width":393,"height":72,"caption":"Hudsalongen Halmstad"},"image":{"@id":"https:\/\/hudsalongenhalmstad.se\/#\/schema\/logo\/image\/"}}]}},"jetpack_sharing_enabled":true,"_links":{"self":[{"href":"https:\/\/hudsalongenhalmstad.se\/index.php\/wp-json\/wp\/v2\/pages\/441","targetHints":{"allow":["GET"]}}],"collection":[{"href":"https:\/\/hudsalongenhalmstad.se\/index.php\/wp-json\/wp\/v2\/pages"}],"about":[{"href":"https:\/\/hudsalongenhalmstad.se\/index.php\/wp-json\/wp\/v2\/types\/page"}],"author":[{"embeddable":true,"href":"https:\/\/hudsalongenhalmstad.se\/index.php\/wp-json\/wp\/v2\/users\/2"}],"replies":[{"embeddable":true,"href":"https:\/\/hudsalongenhalmstad.se\/index.php\/wp-json\/wp\/v2\/comments?post=441"}],"version-history":[{"count":19,"href":"https:\/\/hudsalongenhalmstad.se\/index.php\/wp-json\/wp\/v2\/pages\/441\/revisions"}],"predecessor-version":[{"id":482,"href":"https:\/\/hudsalongenhalmstad.se\/index.php\/wp-json\/wp\/v2\/pages\/441\/revisions\/482"}],"wp:attachment":[{"href":"https:\/\/hudsalongenhalmstad.se\/index.php\/wp-json\/wp\/v2\/media?parent=441"}],"curies":[{"name":"wp","href":"https:\/\/api.w.org\/{rel}","templated":true}]}}